{"id":7,"date":"2018-09-10T05:28:09","date_gmt":"2018-09-10T05:28:09","guid":{"rendered":"http:\/\/rarathemesdemo.com\/the-conference-pro\/contact\/"},"modified":"2023-02-06T09:51:17","modified_gmt":"2023-02-06T08:51:17","slug":"contact","status":"publish","type":"page","link":"https:\/\/geoseminaire2023.teledetection.fr\/?page_id=7","title":{"rendered":"Contact"},"content":{"rendered":"\n<p class=\"has-vivid-green-cyan-color has-text-color has-large-font-size\"><strong>Contactez &#8211; nous<\/strong><\/p>\n\n\n\n<hr class=\"wp-block-separator has-text-color has-vivid-green-cyan-color has-alpha-channel-opacity has-vivid-green-cyan-background-color has-background is-style-wide\"\/>\n\n\n\n<p>Vous avez des questions ou vous souhaitez simplement nous contacter ? Utilisez l&rsquo;un des moyens ci-dessous. Nous sommes impatients d&rsquo;avoir de vos nouvelles !<\/p>\n\n\n\n<p><b>Contactez-nous<\/b><strong> par mail : geoseminaire@gmail.com&nbsp;<\/strong><\/p>\n\n\n\n<p><strong>Contactez-nous par courrier: <\/strong>Maison de la T\u00e9l\u00e9d\u00e9tection \/ G\u00e9os\u00e9minaire<br>500 rue Jean-Fran\u00e7ois Breton, 34000 Montpellier \/ France<\/p>\n\n\n\n<p><strong>En physique \u00e0 la Maison de la T\u00e9l\u00e9d\u00e9tection \/ 500 rue Jean-Fran\u00e7ois Breton, 34000 Montpellier \/ France<\/strong><\/p>\n\n\n\t\t<div id=\"wpmapblock_4b4a44b9\" data-settings='{&quot;map_marker&quot;:[{&quot;lat&quot;:&quot;43.6451091&quot;,&quot;lng&quot;:&quot;3.8742625&quot;,&quot;title&quot;:&quot;Maison de la T\\u00e9l\\u00e9d\\u00e9tection \\\/ G\\u00e9os\\u00e9minaire&quot;,&quot;content&quot;:&quot;Retrouvez l&amp;#039;\\u00e9quipe d&amp;#039;organisation du g\\u00e9os\\u00e9minaire 2023&quot;,&quot;iconType&quot;:&quot;default&quot;,&quot;customIconUrl&quot;:&quot;&quot;,&quot;customIconWidth&quot;:&quot;25&quot;,&quot;customIconHeight&quot;:&quot;40&quot;}],&quot;map_zoom&quot;:10,&quot;scroll_wheel_zoom&quot;:&quot;1&quot;,&quot;map_type&quot;:&quot;GM&quot;,&quot;center_index&quot;:0}' class=\"wpmapblockrender\" style=\"\n\t\t\twidth: 100%;\n\t\t\theight: 500px;\n\t\t\"><\/div>\n        ","protected":false},"excerpt":{"rendered":"<p>Contactez &#8211; nous Vous avez des questions ou vous souhaitez simplement nous contacter ? Utilisez l&rsquo;un des moyens ci-dessous. Nous sommes impatients d&rsquo;avoir de vos nouvelles ! Contactez-nous par mail : geoseminaire@gmail.com&nbsp; Contactez-nous par courrier: Maison de la T\u00e9l\u00e9d\u00e9tection \/ G\u00e9os\u00e9minaire500 rue Jean-Fran\u00e7ois Breton, 34000 Montpellier \/ France En physique \u00e0 la Maison de la &hellip; <\/p>\n","protected":false},"author":1,"featured_media":0,"parent":0,"menu_order":0,"comment_status":"closed","ping_status":"closed","template":"","meta":{"footnotes":""},"class_list":["post-7","page","type-page","status-publish","hentry"],"_links":{"self":[{"href":"https:\/\/geoseminaire2023.teledetection.fr\/index.php?rest_route=\/wp\/v2\/pages\/7","targetHints":{"allow":["GET"]}}],"collection":[{"href":"https:\/\/geoseminaire2023.teledetection.fr\/index.php?rest_route=\/wp\/v2\/pages"}],"about":[{"href":"https:\/\/geoseminaire2023.teledetection.fr\/index.php?rest_route=\/wp\/v2\/types\/page"}],"author":[{"embeddable":true,"href":"https:\/\/geoseminaire2023.teledetection.fr\/index.php?rest_route=\/wp\/v2\/users\/1"}],"replies":[{"embeddable":true,"href":"https:\/\/geoseminaire2023.teledetection.fr\/index.php?rest_route=%2Fwp%2Fv2%2Fcomments&post=7"}],"version-history":[{"count":9,"href":"https:\/\/geoseminaire2023.teledetection.fr\/index.php?rest_route=\/wp\/v2\/pages\/7\/revisions"}],"predecessor-version":[{"id":1194,"href":"https:\/\/geoseminaire2023.teledetection.fr\/index.php?rest_route=\/wp\/v2\/pages\/7\/revisions\/1194"}],"wp:attachment":[{"href":"https:\/\/geoseminaire2023.teledetection.fr\/index.php?rest_route=%2Fwp%2Fv2%2Fmedia&parent=7"}],"curies":[{"name":"wp","href":"https:\/\/api.w.org\/{rel}","templated":true}]}}