{"id":895,"date":"2023-01-16T17:34:08","date_gmt":"2023-01-16T16:34:08","guid":{"rendered":"https:\/\/geoseminaire2023.teledetection.fr\/?page_id=895"},"modified":"2023-03-19T13:06:23","modified_gmt":"2023-03-19T12:06:23","slug":"inscription","status":"publish","type":"page","link":"https:\/\/geoseminaire2023.teledetection.fr\/?page_id=895","title":{"rendered":"Inscriptions"},"content":{"rendered":"\n<style> \n      marquee {\n        width: 100%;\n        padding: 10px 0;\n        color: red;\n        font-weight: 900;\n\n      }\n    <\/style>\n    <marquee direction=\"scroll\"> Tarif derni\u00e8re minute : 60\u20ac (repas compris) pour toutes les inscriptions faites \u00e0 partir du 18 mars 2023<\/marquee>\n\n\n\n<p class=\"has-vivid-green-cyan-color has-text-color has-large-font-size\"><strong>Proc\u00e9dure d&rsquo;inscription<\/strong><\/p>\n\n\n\n<hr class=\"wp-block-separator has-text-color has-vivid-green-cyan-color has-alpha-channel-opacity has-vivid-green-cyan-background-color has-background is-style-wide\"\/>\n\n\n\n<blockquote class=\"wp-block-quote is-layout-flow wp-block-quote-is-layout-flow\">\n<p class=\"has-black-color has-text-color has-large-font-size\"><strong>Personnes physiques<\/strong><\/p>\n<\/blockquote>\n\n\n\n<p> Si vous \u00eates une personne physique, remplissez d&rsquo;abord le formulaire d&rsquo;inscription ci-dessous puis payez vos frais d&rsquo;inscription en cliquant sur le bouton \u00ab\u00a0<strong>Payer mon inscription<\/strong>\u00a0\u00bb juste en dessous du formulaire. <\/p>\n\n\n\n<iframe loading=\"lazy\" src=\"https:\/\/docs.google.com\/forms\/d\/e\/1FAIpQLSf49jQq6HQQKCIyPqwf_Z5z5C6uJgsRHb0_CLqDlAyFd0gJ9A\/viewform?embedded=true\" width=\"640\" height=\"1634\" frameborder=\"0\" marginheight=\"0\" marginwidth=\"0\">Chargement\u2026<\/iframe>\n\n\n\n<p><\/p>\n\n\n\n<div class=\"wp-block-buttons is-content-justification-center is-layout-flex wp-container-core-buttons-is-layout-16018d1d wp-block-buttons-is-layout-flex\">\n<div class=\"wp-block-button\" style=\"font-style:normal;font-weight:600;text-transform:uppercase\"><a class=\"wp-block-button__link has-white-color has-vivid-green-cyan-background-color has-text-color has-background wp-element-button\" href=\"https:\/\/jepaieenligne.systempay.fr\/AGROPARISTECH\" style=\"border-radius:29px\" target=\"_blank\" rel=\"noreferrer noopener\"><strong>Payer mon inscription<\/strong><\/a><\/div>\n<\/div>\n\n\n\n<p class=\"has-text-align-center has-vivid-red-color has-text-color\">Nos conditions g\u00e9n\u00e9rales de vente sont consultables <a href=\"https:\/\/geoseminaire2023.teledetection.fr\/?page_id=1067\">ici<\/a><\/p>\n\n\n\n<div class=\"wp-block-buttons has-custom-font-size has-small-font-size is-horizontal is-content-justification-center is-layout-flex wp-container-core-buttons-is-layout-499968f5 wp-block-buttons-is-layout-flex\" style=\"font-style:normal;font-weight:500;text-transform:uppercase\"><\/div>\n\n\n\n<hr class=\"wp-block-separator has-text-color has-vivid-green-cyan-color has-alpha-channel-opacity has-vivid-green-cyan-background-color has-background is-style-wide\"\/>\n\n\n\n<blockquote class=\"wp-block-quote is-layout-flow wp-block-quote-is-layout-flow\">\n<p class=\"has-black-color has-text-color has-large-font-size\"><strong>Organisations ou Personnes morales<\/strong><\/p>\n<\/blockquote>\n\n\n\n<p>Si vous \u00eates une organisation ou une personne morale, veuillez remplir le formulaire d&rsquo;inscription des personnes morales ou organisations ci-dessous. Nous prendrons contact avec vous pour les formalit\u00e9s d&rsquo;usage dans les meilleurs d\u00e9lais.<\/p>\n\n\n\n<iframe loading=\"lazy\" src=\"https:\/\/docs.google.com\/forms\/d\/e\/1FAIpQLSfgiiXFeowQ5rncHXxRilQVN-y8qKpQPdVmt-6CSU4Onh9HBQ\/viewform?embedded=true\" width=\"640\" height=\"1478\" frameborder=\"0\" marginheight=\"0\" marginwidth=\"0\">Chargement\u2026<\/iframe>\n\n\n\n<hr class=\"wp-block-separator has-text-color has-vivid-green-cyan-color has-alpha-channel-opacity has-vivid-green-cyan-background-color has-background is-style-wide\"\/>\n\n\n\n<p class=\"has-text-align-center has-vivid-red-color has-text-color\">Nos conditions g\u00e9n\u00e9rales de vente sont consultables <a href=\"https:\/\/geoseminaire2023.teledetection.fr\/?page_id=1067\">ici<\/a><\/p>\n","protected":false},"excerpt":{"rendered":"<p>Tarif derni\u00e8re minute : 60\u20ac (repas compris) pour toutes les inscriptions faites \u00e0 partir du 18 mars 2023 Proc\u00e9dure d&rsquo;inscription Personnes physiques Si vous \u00eates une personne physique, remplissez d&rsquo;abord le formulaire d&rsquo;inscription ci-dessous puis payez vos frais d&rsquo;inscription en cliquant sur le bouton \u00ab\u00a0Payer mon inscription\u00a0\u00bb juste en dessous du formulaire. Chargement\u2026 Nos conditions &hellip; <\/p>\n","protected":false},"author":1,"featured_media":0,"parent":0,"menu_order":0,"comment_status":"closed","ping_status":"closed","template":"","meta":{"footnotes":""},"class_list":["post-895","page","type-page","status-publish","hentry"],"_links":{"self":[{"href":"https:\/\/geoseminaire2023.teledetection.fr\/index.php?rest_route=\/wp\/v2\/pages\/895","targetHints":{"allow":["GET"]}}],"collection":[{"href":"https:\/\/geoseminaire2023.teledetection.fr\/index.php?rest_route=\/wp\/v2\/pages"}],"about":[{"href":"https:\/\/geoseminaire2023.teledetection.fr\/index.php?rest_route=\/wp\/v2\/types\/page"}],"author":[{"embeddable":true,"href":"https:\/\/geoseminaire2023.teledetection.fr\/index.php?rest_route=\/wp\/v2\/users\/1"}],"replies":[{"embeddable":true,"href":"https:\/\/geoseminaire2023.teledetection.fr\/index.php?rest_route=%2Fwp%2Fv2%2Fcomments&post=895"}],"version-history":[{"count":64,"href":"https:\/\/geoseminaire2023.teledetection.fr\/index.php?rest_route=\/wp\/v2\/pages\/895\/revisions"}],"predecessor-version":[{"id":1285,"href":"https:\/\/geoseminaire2023.teledetection.fr\/index.php?rest_route=\/wp\/v2\/pages\/895\/revisions\/1285"}],"wp:attachment":[{"href":"https:\/\/geoseminaire2023.teledetection.fr\/index.php?rest_route=%2Fwp%2Fv2%2Fmedia&parent=895"}],"curies":[{"name":"wp","href":"https:\/\/api.w.org\/{rel}","templated":true}]}}