{"id":950,"date":"2023-01-23T21:18:37","date_gmt":"2023-01-23T20:18:37","guid":{"rendered":"https:\/\/geoseminaire2023.teledetection.fr\/?page_id=950"},"modified":"2023-03-29T16:44:53","modified_gmt":"2023-03-29T14:44:53","slug":"comite-dorganisation","status":"publish","type":"page","link":"https:\/\/geoseminaire2023.teledetection.fr\/?page_id=950","title":{"rendered":"Comit\u00e9 d&rsquo;organisation"},"content":{"rendered":"\n<p class=\"has-drop-cap\">Cette nouvelle \u00e9dition du G\u00e9os\u00e9minaire est organis\u00e9e par les auditeurs de la promotion 2022 &#8211; 2023 du Mast\u00e8re Sp\u00e9cialis\u00e9 <strong>SILAT ( Syst\u00e8mes d&rsquo;Informations Localis\u00e9es pour l&rsquo;Am\u00e9nagement des Territoires )<\/strong>. Pour ce faire, nous travaillons en collaboration directe avec l&rsquo;ensemble de l&rsquo;\u00e9quipe p\u00e9dagogique d&rsquo;AgroParisTech avec le soutien de nos partenaires et sponsors.<\/p>\n\n\n\n<p>Pour information, le Mast\u00e8re SILAT est h\u00e9berg\u00e9 au sein de la Maison de la T\u00e9l\u00e9d\u00e9tection, p\u00f4le de recherche et d\u2019accueil de start-up dans le domaine de la g\u00e9omatique, et forme des managers de projets g\u00e9omatiques, experts en SIG et t\u00e9l\u00e9d\u00e9tection. Pour en savoir plus, consultez la page AgroParisTech d\u00e9di\u00e9e \u00e0 la formation en cliquant&nbsp;<a rel=\"noreferrer noopener\" href=\"http:\/\/www.agroparistech.fr\/-MS-SILAT-Systemes-d-informations-localisees-pour-l-amenagement-des-territoires-.html\" target=\"_blank\">ici.<\/a><\/p>\n\n\n\n<p>Vous pouvez \u00e9galement consulter notre CV BOOK (MS SILAT 2022) ci-dessous pour plus de d\u00e9tails sur nos diff\u00e9rents profils.<\/p>\n\n\n\n<div data-wp-interactive=\"core\/file\" class=\"wp-block-file\"><object data-wp-bind--hidden=\"!state.hasPdfPreview\" hidden class=\"wp-block-file__embed\" data=\"https:\/\/geoseminaire2023.teledetection.fr\/wp-content\/uploads\/2023\/03\/CV-BOOK-MS-SILAT-2022.pdf\" type=\"application\/pdf\" style=\"width:100%;height:600px\" aria-label=\"Contenu embarqu\u00e9 CV BOOK MS SILAT 2022.\"><\/object><a id=\"wp-block-file--media-ff1fcc96-ba26-460a-8b8d-8f3c52be541e\" href=\"https:\/\/geoseminaire2023.teledetection.fr\/wp-content\/uploads\/2023\/03\/CV-BOOK-MS-SILAT-2022.pdf\">CV BOOK MS SILAT 2022<\/a><a href=\"https:\/\/geoseminaire2023.teledetection.fr\/wp-content\/uploads\/2023\/03\/CV-BOOK-MS-SILAT-2022.pdf\" class=\"wp-block-file__button wp-element-button\" download aria-describedby=\"wp-block-file--media-ff1fcc96-ba26-460a-8b8d-8f3c52be541e\">T\u00e9l\u00e9charger<\/a><\/div>\n","protected":false},"excerpt":{"rendered":"<p>Cette nouvelle \u00e9dition du G\u00e9os\u00e9minaire est organis\u00e9e par les auditeurs de la promotion 2022 &#8211; 2023 du Mast\u00e8re Sp\u00e9cialis\u00e9 SILAT ( Syst\u00e8mes d&rsquo;Informations Localis\u00e9es pour l&rsquo;Am\u00e9nagement des Territoires ). Pour ce faire, nous travaillons en collaboration directe avec l&rsquo;ensemble de l&rsquo;\u00e9quipe p\u00e9dagogique d&rsquo;AgroParisTech avec le soutien de nos partenaires et sponsors. Pour information, le Mast\u00e8re &hellip; <\/p>\n","protected":false},"author":1,"featured_media":0,"parent":0,"menu_order":0,"comment_status":"closed","ping_status":"closed","template":"","meta":{"footnotes":""},"class_list":["post-950","page","type-page","status-publish","hentry"],"_links":{"self":[{"href":"https:\/\/geoseminaire2023.teledetection.fr\/index.php?rest_route=\/wp\/v2\/pages\/950","targetHints":{"allow":["GET"]}}],"collection":[{"href":"https:\/\/geoseminaire2023.teledetection.fr\/index.php?rest_route=\/wp\/v2\/pages"}],"about":[{"href":"https:\/\/geoseminaire2023.teledetection.fr\/index.php?rest_route=\/wp\/v2\/types\/page"}],"author":[{"embeddable":true,"href":"https:\/\/geoseminaire2023.teledetection.fr\/index.php?rest_route=\/wp\/v2\/users\/1"}],"replies":[{"embeddable":true,"href":"https:\/\/geoseminaire2023.teledetection.fr\/index.php?rest_route=%2Fwp%2Fv2%2Fcomments&post=950"}],"version-history":[{"count":10,"href":"https:\/\/geoseminaire2023.teledetection.fr\/index.php?rest_route=\/wp\/v2\/pages\/950\/revisions"}],"predecessor-version":[{"id":1311,"href":"https:\/\/geoseminaire2023.teledetection.fr\/index.php?rest_route=\/wp\/v2\/pages\/950\/revisions\/1311"}],"wp:attachment":[{"href":"https:\/\/geoseminaire2023.teledetection.fr\/index.php?rest_route=%2Fwp%2Fv2%2Fmedia&parent=950"}],"curies":[{"name":"wp","href":"https:\/\/api.w.org\/{rel}","templated":true}]}}